{"id":1077,"date":"2021-10-12T09:10:54","date_gmt":"2021-10-12T09:10:54","guid":{"rendered":"https:\/\/77beautifulsites.com\/index.php\/about\/"},"modified":"2024-04-05T03:57:54","modified_gmt":"2024-04-05T01:57:54","slug":"about","status":"publish","type":"page","link":"https:\/\/77beautifulsites.com\/index.php\/about\/","title":{"rendered":"Who we Are \/ Quienes somos"},"content":{"rendered":"\n<div class=\"wp-block-uagb-container uagb-block-0bf209f3 alignfull uagb-is-root-container\"><div class=\"uagb-container-inner-blocks-wrap\">\n<div class=\"wp-block-uagb-info-box uagb-block-9ad2440f uagb-infobox__content-wrap  uagb-infobox-icon-above-title uagb-infobox-image-valign-top\"><div class=\"uagb-ifb-content\"><div class=\"uagb-ifb-title-wrap\"><h1 class=\"uagb-ifb-title\">Who we are \/ Quienes somos<\/h1><\/div><\/div><\/div>\n\n\n\n<div class=\"wp-block-uagb-image aligncenter uagb-block-77c52290 wp-block-uagb-image--layout-default wp-block-uagb-image--effect-static wp-block-uagb-image--align-center\"><figure class=\"wp-block-uagb-image__figure\"><img decoding=\"async\" srcset=\"https:\/\/77beautifulsites.com\/wp-content\/uploads\/2023\/11\/luna.jpeg ,https:\/\/77beautifulsites.com\/wp-content\/uploads\/2023\/11\/luna.jpeg 780w, https:\/\/77beautifulsites.com\/wp-content\/uploads\/2023\/11\/luna.jpeg 360w\" sizes=\"auto, (max-width: 480px) 150px\" src=\"https:\/\/77beautifulsites.com\/wp-content\/uploads\/2023\/11\/luna.jpeg\" alt=\"\" class=\"uag-image-1161\" width=\"24\" height=\"24\" title=\"\" loading=\"lazy\" role=\"img\"\/><\/figure><\/div>\n<\/div><\/div>\n\n\n\n<div class=\"wp-block-uagb-container uagb-block-4cdaed46 alignfull uagb-is-root-container\"><div class=\"uagb-container-inner-blocks-wrap\">\n<div class=\"wp-block-uagb-container uagb-block-1b5f1902\">\n<div class=\"wp-block-uagb-advanced-heading uagb-block-bd4049ff\"><h6 class=\"uagb-heading-text\">Dise\u00f1o Web<\/h6><\/div>\n\n\n\n<div class=\"wp-block-uagb-advanced-heading uagb-block-5814948c\"><h2 class=\"uagb-heading-text\">Hacemos feliz a la gente y los negocios crecen \/ We&nbsp;make&nbsp;people&nbsp;happy&nbsp;and&nbsp;<br>businesses&nbsp;grow<\/h2><\/div>\n\n\n\n<div class=\"wp-block-uagb-image aligncenter uagb-block-be87b493 wp-block-uagb-image--layout-default wp-block-uagb-image--effect-static wp-block-uagb-image--align-center\"><figure class=\"wp-block-uagb-image__figure\"><img decoding=\"async\" srcset=\"https:\/\/77beautifulsites.com\/wp-content\/uploads\/2023\/11\/LOGO03-5-300x300.jpeg ,https:\/\/77beautifulsites.com\/wp-content\/uploads\/2023\/11\/LOGO03-5.jpeg 780w, https:\/\/77beautifulsites.com\/wp-content\/uploads\/2023\/11\/LOGO03-5.jpeg 360w\" sizes=\"auto, (max-width: 480px) 150px\" src=\"https:\/\/77beautifulsites.com\/wp-content\/uploads\/2023\/11\/LOGO03-5-300x300.jpeg\" alt=\"\" class=\"uag-image-1726\" width=\"208\" height=\"208\" title=\"\" loading=\"lazy\" role=\"img\"\/><\/figure><\/div>\n\n\n\n<div class=\"wp-block-uagb-image aligncenter uagb-block-b441fd63 wp-block-uagb-image--layout-default wp-block-uagb-image--effect-static wp-block-uagb-image--align-center\"><figure class=\"wp-block-uagb-image__figure\"><img decoding=\"async\" srcset=\"https:\/\/77beautifulsites.com\/wp-content\/uploads\/2023\/11\/LOGO03-2-225x300.jpeg ,https:\/\/77beautifulsites.com\/wp-content\/uploads\/2023\/11\/LOGO03-2.jpeg 780w, https:\/\/77beautifulsites.com\/wp-content\/uploads\/2023\/11\/LOGO03-2.jpeg 360w\" sizes=\"auto, (max-width: 480px) 150px\" src=\"https:\/\/77beautifulsites.com\/wp-content\/uploads\/2023\/11\/LOGO03-2-225x300.jpeg\" alt=\"\" class=\"uag-image-1722\" width=\"197\" height=\"263\" title=\"\" loading=\"lazy\" role=\"img\"\/><\/figure><\/div>\n<\/div>\n\n\n\n<div class=\"wp-block-uagb-container uagb-block-e4a63b3c\">\n<div class=\"wp-block-uagb-image aligncenter uagb-block-ea7e429a wp-block-uagb-image--layout-default wp-block-uagb-image--effect-static wp-block-uagb-image--align-center\"><figure class=\"wp-block-uagb-image__figure\"><img decoding=\"async\" srcset=\"https:\/\/77beautifulsites.com\/wp-content\/uploads\/2023\/11\/LOGO03-1-768x1024.jpeg ,https:\/\/77beautifulsites.com\/wp-content\/uploads\/2023\/11\/LOGO03-1.jpeg 780w, https:\/\/77beautifulsites.com\/wp-content\/uploads\/2023\/11\/LOGO03-1.jpeg 360w\" sizes=\"auto, (max-width: 480px) 150px\" src=\"https:\/\/77beautifulsites.com\/wp-content\/uploads\/2023\/11\/LOGO03-1-768x1024.jpeg\" alt=\"\" class=\"uag-image-1724\" width=\"768\" height=\"1024\" title=\"\" loading=\"lazy\" role=\"img\"\/><\/figure><\/div>\n\n\n\n<div class=\"wp-block-uagb-info-box uagb-block-31a06ed6 uagb-infobox__content-wrap  uagb-infobox-icon-above-title uagb-infobox-image-valign-top\"><div class=\"uagb-ifb-content\"><div class=\"uagb-ifb-title-wrap\"><\/div><p class=\"uagb-ifb-desc\">Somos una agencia especializada en dise\u00f1o web con alta tecnolog\u00eda,   dise\u00f1amos tiendas online, p\u00e1ginas web profesionales, nos enfocamos en el posicionamiento web en Google (SEO) y las conectamos con las Redes Sociales.<\/p><div class=\"uagb-ifb-button-wrapper wp-block-button\"><a href=\"https:\/\/77beautifulsites.com\/index.php\/contact\/\" class=\"uagb-infobox-cta-link wp-block-button__link\" target=\"_self\" rel=\"noopener noreferrer\" onclick=\"return true;\" alt=\"\"><span class=\"uagb-inline-editing\">cont\u00e1ctanos \/ Let\u00b4s CHAT<\/span><\/a><\/div><\/div><\/div>\n<\/div>\n<\/div><\/div>\n\n\n\n<div class=\"wp-block-uagb-container uagb-block-c0cb1bc0 alignfull uagb-is-root-container\"><div class=\"uagb-container-inner-blocks-wrap\">\n<div class=\"wp-block-uagb-info-box uagb-block-7cec2cd0 uagb-infobox__content-wrap  uagb-infobox-icon-above-title uagb-infobox-image-valign-top\"><div class=\"uagb-ifb-content\"><div class=\"uagb-ifb-icon-wrap\"><div class=\"uagb-iconbox-icon-wrap uagb-infobox-shape-circle\"><svg xmlns=\"https:\/\/www.w3.org\/2000\/svg\" viewBox=\"0 0 384 512\"><path d=\"M361 215C375.3 223.8 384 239.3 384 256C384 272.7 375.3 288.2 361 296.1L73.03 472.1C58.21 482 39.66 482.4 24.52 473.9C9.377 465.4 0 449.4 0 432V80C0 62.64 9.377 46.63 24.52 38.13C39.66 29.64 58.21 29.99 73.03 39.04L361 215z\"><\/path><\/svg><\/div><\/div><div class=\"uagb-ifb-title-wrap\"><\/div><\/div><\/div>\n<\/div><\/div>\n\n\n\n<div class=\"wp-block-uagb-container uagb-block-602bc4b2 alignfull uagb-is-root-container\"><div class=\"uagb-container-inner-blocks-wrap\">\n<div class=\"wp-block-uagb-container uagb-block-912bb465\">\n<div class=\"wp-block-uagb-advanced-heading uagb-block-e88abc43\"><h4 class=\"uagb-heading-text\">Describe lo que necesitas<\/h4><\/div>\n\n\n\n<div class=\"wp-block-uagb-advanced-heading uagb-block-51b9c21d\"><h4 class=\"uagb-heading-text\">Chatea con nosotros <\/h4><\/div>\n\n\n\n<div class=\"wp-block-uagb-advanced-heading uagb-block-2a432e48\"><h4 class=\"uagb-heading-text\">Proyecto realizado<\/h4><\/div>\n<\/div>\n\n\n\n<div class=\"wp-block-uagb-advanced-heading uagb-block-8c38a010\"><h2 class=\"uagb-heading-text\">Por que  elegirnos<\/h2><\/div>\n\n\n\n<div class=\"wp-block-uagb-container uagb-block-c9075390\">\n<div class=\"wp-block-uagb-info-box uagb-block-512bea0a uagb-infobox__content-wrap  uagb-infobox-icon-left uagb-infobox-left uagb-infobox-stacked-mobile uagb-infobox-image-valign-top\"><div class=\"uagb-ifb-image-content\"><img decoding=\"async\" src=\"https:\/\/77beautifulsites.com\/wp-content\/uploads\/2023\/11\/diseno-web4-150x150.jpg\" alt=\"\" width=\"80\" height=\"80\" loading=\"lazy\"\/><\/div><div class=\"uagb-ifb-content\"><div class=\"uagb-ifb-title-wrap\"><p class=\"uagb-ifb-title\">Herramientas de \u00faltima tecnolog\u00eda<\/p><\/div><p class=\"uagb-ifb-desc\">Hosting en EE. UU., Reino Unido, Francia, India, Singapur, Brasil, Lituania y Pa\u00edses Bajos y Velocidad aumentada en tu sitio web.<\/p><\/div><\/div>\n\n\n\n<div class=\"wp-block-uagb-info-box uagb-block-657c1a58 uagb-infobox__content-wrap  uagb-infobox-icon-left uagb-infobox-left uagb-infobox-stacked-mobile uagb-infobox-image-valign-top\"><div class=\"uagb-ifb-image-content\"><img decoding=\"async\" src=\"https:\/\/77beautifulsites.com\/wp-content\/uploads\/2023\/11\/celular-158x300.jpeg\" alt=\"\" width=\"80\" height=\"151\" loading=\"lazy\"\/><\/div><div class=\"uagb-ifb-content\"><div class=\"uagb-ifb-title-wrap\"><p class=\"uagb-ifb-title\">Responsive Design<\/p><\/div><p class=\"uagb-ifb-desc\">Ajustable para cualquier dispositivo.<\/p><\/div><\/div>\n<\/div>\n\n\n\n<div class=\"wp-block-uagb-container uagb-block-b079fabe\">\n<div class=\"wp-block-uagb-info-box uagb-block-0f6773c2 uagb-infobox__content-wrap  uagb-infobox-icon-left uagb-infobox-left uagb-infobox-stacked-mobile uagb-infobox-image-valign-top\"><div class=\"uagb-ifb-image-content\"><img decoding=\"async\" src=\"https:\/\/77beautifulsites.com\/wp-content\/uploads\/2023\/11\/diseno-web6-150x150.jpg\" alt=\"\" width=\"80\" height=\"80\" loading=\"lazy\"\/><\/div><div class=\"uagb-ifb-content\"><div class=\"uagb-ifb-title-wrap\"><p class=\"uagb-ifb-title\">R\u00e1pido y Confiable<\/p><\/div><p class=\"uagb-ifb-desc\">Todos los sistemas desarrollados por nosotros le hacemos un seguimiento si algo no funciona se hace la respectiva correcci\u00f3n..<\/p><\/div><\/div>\n\n\n\n<div class=\"wp-block-uagb-info-box uagb-block-77b0e404 uagb-infobox__content-wrap  uagb-infobox-icon-left uagb-infobox-left uagb-infobox-stacked-mobile uagb-infobox-image-valign-top\"><div class=\"uagb-ifb-image-content\"><img decoding=\"async\" src=\"https:\/\/77beautifulsites.com\/wp-content\/uploads\/2023\/11\/diseno-web7-150x150.jpg\" alt=\"\" width=\"80\" height=\"80\" loading=\"lazy\"\/><\/div><div class=\"uagb-ifb-content\"><div class=\"uagb-ifb-title-wrap\"><p class=\"uagb-ifb-title\">Identidad de tu Marca<\/p><\/div><p class=\"uagb-ifb-desc\">Haz de tu Marca una \u00fanica experiencia para tu cliente<\/p><\/div><\/div>\n<\/div>\n\n\n\n<div class=\"wp-block-uagb-container uagb-block-f8498b41\">\n<div class=\"wp-block-uagb-info-box uagb-block-c59a3c26 uagb-infobox__content-wrap  uagb-infobox-icon-left uagb-infobox-left uagb-infobox-stacked-mobile uagb-infobox-image-valign-top\"><div class=\"uagb-ifb-image-content\"><img decoding=\"async\" src=\"https:\/\/77beautifulsites.com\/wp-content\/uploads\/2023\/11\/redes-sociales-150x150.jpg\" alt=\"\" width=\"80\" height=\"80\" loading=\"lazy\"\/><\/div><div class=\"uagb-ifb-content\"><div class=\"uagb-ifb-title-wrap\"><p class=\"uagb-ifb-title\">&#8220;Conexi\u00f3n con Redes Sociales<\/p><\/div><p class=\"uagb-ifb-desc\">Conectamos tu sitio web con tus redes sociales,<\/p><\/div><\/div>\n\n\n\n<div class=\"wp-block-uagb-info-box uagb-block-1f7a71bf uagb-infobox__content-wrap  uagb-infobox-icon-left uagb-infobox-left uagb-infobox-stacked-mobile uagb-infobox-image-valign-top\"><div class=\"uagb-ifb-image-content\"><img decoding=\"async\" src=\"https:\/\/77beautifulsites.com\/wp-content\/uploads\/2023\/11\/SEO3-150x150.jpeg\" alt=\"\" width=\"80\" height=\"80\" loading=\"lazy\"\/><\/div><div class=\"uagb-ifb-content\"><div class=\"uagb-ifb-title-wrap\"><p class=\"uagb-ifb-title\">Posicionamiento SEO<\/p><\/div><p class=\"uagb-ifb-desc\">Mejorar su posici\u00f3n y su visibilidad en los motores de b\u00fasqueda de los principales navegadores de b\u00fasqueda es nuestro objetivo.<\/p><\/div><\/div>\n<\/div>\n\n\n\n<div class=\"wp-block-uagb-container uagb-block-fd687791\">\n<div class=\"wp-block-uagb-info-box uagb-block-781fc4f5 uagb-infobox__content-wrap  uagb-infobox-icon-left uagb-infobox-left uagb-infobox-stacked-mobile uagb-infobox-image-valign-top\"><div class=\"uagb-ifb-image-content\"><img decoding=\"async\" src=\"https:\/\/77beautifulsites.com\/wp-content\/uploads\/2023\/11\/chat-online-150x150.jpg\" alt=\"\" width=\"80\" height=\"80\" loading=\"lazy\"\/><\/div><div class=\"uagb-ifb-content\"><div class=\"uagb-ifb-title-wrap\"><p class=\"uagb-ifb-title\">Chat Online<\/p><\/div><p class=\"uagb-ifb-desc\">Mantente conectado con tus clientes potenciales desde la comodidad de tu Celular o Pc.<\/p><\/div><\/div>\n\n\n\n<div class=\"wp-block-uagb-info-box uagb-block-4c5008fd uagb-infobox__content-wrap  uagb-infobox-icon-left uagb-infobox-left uagb-infobox-stacked-mobile uagb-infobox-image-valign-top\"><div class=\"uagb-ifb-image-content\"><img decoding=\"async\" src=\"https:\/\/77beautifulsites.com\/wp-content\/uploads\/2023\/11\/email-corporativo-150x150.jpg\" alt=\"\" width=\"80\" height=\"80\" loading=\"lazy\"\/><\/div><div class=\"uagb-ifb-content\"><div class=\"uagb-ifb-title-wrap\"><p class=\"uagb-ifb-title\">\u200bEmail Corporativo<\/p><\/div><p class=\"uagb-ifb-desc\">Vemos la importancia de tu imagen corporativa en el \u00e9xito de tus campa\u00f1as de email<\/p><\/div><\/div>\n<\/div>\n<\/div><\/div>\n\n\n\n<div class=\"wp-block-uagb-container uagb-block-792bf4d7 alignfull uagb-is-root-container\"><div class=\"uagb-container-inner-blocks-wrap\">\n<div class=\"wp-block-uagb-image aligncenter uagb-block-e20c08da wp-block-uagb-image--layout-default wp-block-uagb-image--effect-static wp-block-uagb-image--align-center\"><figure class=\"wp-block-uagb-image__figure\"><img decoding=\"async\" srcset=\"https:\/\/77beautifulsites.com\/wp-content\/uploads\/2023\/11\/corazon-1.jpg ,https:\/\/77beautifulsites.com\/wp-content\/uploads\/2023\/11\/corazon-1.jpg 780w, https:\/\/77beautifulsites.com\/wp-content\/uploads\/2023\/11\/corazon-1.jpg 360w\" sizes=\"auto, (max-width: 480px) 150px\" src=\"https:\/\/77beautifulsites.com\/wp-content\/uploads\/2023\/11\/corazon-1.jpg\" alt=\"\" class=\"uag-image-1157\" width=\"24\" height=\"24\" title=\"\" loading=\"lazy\" role=\"img\"\/><\/figure><\/div>\n\n\n\n<div class=\"wp-block-uagb-info-box uagb-block-60ffc70e uagb-infobox__content-wrap  uagb-infobox-icon-above-title uagb-infobox-image-valign-top\"><div class=\"uagb-ifb-content\"><div class=\"uagb-ifb-image-content\"><img decoding=\"async\" src=\"https:\/\/77beautifulsites.com\/wp-content\/uploads\/2023\/11\/diseno-web-150x150.jpg\" alt=\"\" width=\"\" height=\"0\" loading=\"lazy\"\/><\/div><div class=\"uagb-ifb-title-wrap\"><h2 class=\"uagb-ifb-title\">Listo para comenzar tu nuevo proyecto\u200b  \/ Ready to start your new project <\/h2><\/div><div class=\"uagb-ifb-button-wrapper wp-block-button\"><a href=\"https:\/\/77beautifulsites.com\/index.php\/contact\/\" class=\"uagb-infobox-cta-link wp-block-button__link\" target=\"_self\" rel=\"noopener noreferrer\" onclick=\"return true;\" alt=\"\"><span class=\"uagb-inline-editing\">llamanos<\/span><svg xmlns=\"https:\/\/www.w3.org\/2000\/svg\" viewBox=\"0 0 448 512\"><path d=\"M438.6 278.6l-160 160C272.4 444.9 264.2 448 256 448s-16.38-3.125-22.62-9.375c-12.5-12.5-12.5-32.75 0-45.25L338.8 288H32C14.33 288 .0016 273.7 .0016 256S14.33 224 32 224h306.8l-105.4-105.4c-12.5-12.5-12.5-32.75 0-45.25s32.75-12.5 45.25 0l160 160C451.1 245.9 451.1 266.1 438.6 278.6z\"><\/path><\/svg><\/a><\/div><\/div><\/div>\n<\/div><\/div>\n","protected":false},"excerpt":{"rendered":"<p>Dise\u00f1o Web Hacemos feliz a la gente y los negocios crecen \/ We&nbsp;make&nbsp;people&nbsp;happy&nbsp;and&nbsp;businesses&nbsp;grow Describe lo que necesitas Chatea con nosotros Proyecto realizado Por que elegirnos<\/p>\n","protected":false},"author":1,"featured_media":0,"parent":0,"menu_order":0,"comment_status":"closed","ping_status":"closed","template":"","meta":{"_eb_attr":"","_uag_custom_page_level_css":"","site-sidebar-layout":"no-sidebar","site-content-layout":"plain-container","ast-site-content-layout":"normal-width-container","site-content-style":"unboxed","site-sidebar-style":"unboxed","ast-global-header-display":"","ast-banner-title-visibility":"","ast-main-header-display":"","ast-hfb-above-header-display":"","ast-hfb-below-header-display":"","ast-hfb-mobile-header-display":"","site-post-title":"disabled","ast-breadcrumbs-content":"","ast-featured-img":"disabled","footer-sml-layout":"","theme-transparent-header-meta":"enabled","adv-header-id-meta":"","stick-header-meta":"","header-above-stick-meta":"","header-main-stick-meta":"","header-below-stick-meta":"","astra-migrate-meta-layouts":"set","ast-page-background-enabled":"default","ast-page-background-meta":{"desktop":{"background-color":"","background-image":"","background-repeat":"repeat","background-position":"center center","background-size":"auto","background-attachment":"scroll","background-type":"","background-media":"","overlay-type":"","overlay-color":"","overlay-opacity":"","overlay-gradient":""},"tablet":{"background-color":"","background-image":"","background-repeat":"repeat","background-position":"center center","background-size":"auto","background-attachment":"scroll","background-type":"","background-media":"","overlay-type":"","overlay-color":"","overlay-opacity":"","overlay-gradient":""},"mobile":{"background-color":"","background-image":"","background-repeat":"repeat","background-position":"center center","background-size":"auto","background-attachment":"scroll","background-type":"","background-media":"","overlay-type":"","overlay-color":"","overlay-opacity":"","overlay-gradient":""}},"ast-content-background-meta":{"desktop":{"background-color":"var(--ast-global-color-5)","background-image":"","background-repeat":"repeat","background-position":"center center","background-size":"auto","background-attachment":"scroll","background-type":"","background-media":"","overlay-type":"","overlay-color":"","overlay-opacity":"","overlay-gradient":""},"tablet":{"background-color":"var(--ast-global-color-5)","background-image":"","background-repeat":"repeat","background-position":"center center","background-size":"auto","background-attachment":"scroll","background-type":"","background-media":"","overlay-type":"","overlay-color":"","overlay-opacity":"","overlay-gradient":""},"mobile":{"background-color":"var(--ast-global-color-5)","background-image":"","background-repeat":"repeat","background-position":"center center","background-size":"auto","background-attachment":"scroll","background-type":"","background-media":"","overlay-type":"","overlay-color":"","overlay-opacity":"","overlay-gradient":""}},"footnotes":""},"class_list":["post-1077","page","type-page","status-publish","hentry"],"uagb_featured_image_src":{"full":false,"thumbnail":false,"medium":false,"medium_large":false,"large":false,"1536x1536":false,"2048x2048":false},"uagb_author_info":{"display_name":"77beautifulsites.com","author_link":"https:\/\/77beautifulsites.com\/author\/77beautifulsites-com\/"},"uagb_comment_info":0,"uagb_excerpt":"Dise\u00f1o Web Hacemos feliz a la gente y los negocios crecen \/ We&nbsp;make&nbsp;people&nbsp;happy&nbsp;and&nbsp;businesses&nbsp;grow Describe lo que necesitas Chatea con nosotros Proyecto realizado Por que elegirnos","_links":{"self":[{"href":"https:\/\/77beautifulsites.com\/index.php\/wp-json\/wp\/v2\/pages\/1077","targetHints":{"allow":["GET"]}}],"collection":[{"href":"https:\/\/77beautifulsites.com\/index.php\/wp-json\/wp\/v2\/pages"}],"about":[{"href":"https:\/\/77beautifulsites.com\/index.php\/wp-json\/wp\/v2\/types\/page"}],"author":[{"embeddable":true,"href":"https:\/\/77beautifulsites.com\/index.php\/wp-json\/wp\/v2\/users\/1"}],"replies":[{"embeddable":true,"href":"https:\/\/77beautifulsites.com\/index.php\/wp-json\/wp\/v2\/comments?post=1077"}],"version-history":[{"count":28,"href":"https:\/\/77beautifulsites.com\/index.php\/wp-json\/wp\/v2\/pages\/1077\/revisions"}],"predecessor-version":[{"id":2253,"href":"https:\/\/77beautifulsites.com\/index.php\/wp-json\/wp\/v2\/pages\/1077\/revisions\/2253"}],"wp:attachment":[{"href":"https:\/\/77beautifulsites.com\/index.php\/wp-json\/wp\/v2\/media?parent=1077"}],"curies":[{"name":"wp","href":"https:\/\/api.w.org\/{rel}","templated":true}]}}